{"id":260,"date":"2023-03-14T02:07:03","date_gmt":"2023-03-14T02:07:03","guid":{"rendered":"https:\/\/medialog.islandmediadevelopment.com\/?page_id=260"},"modified":"2025-11-11T16:28:59","modified_gmt":"2025-11-11T15:28:59","slug":"legal-disclaimer","status":"publish","type":"page","link":"https:\/\/www.medialog.es\/en\/legal-disclaimer\/","title":{"rendered":"Legal Disclaimer"},"content":{"rendered":"<div id=\"pl-260\"  class=\"panel-layout\" ><div id=\"pg-260-0\"  class=\"panel-grid panel-no-style\" ><div id=\"pgc-260-0-0\"  class=\"panel-grid-cell\" ><div id=\"panel-260-0-0-0\" class=\"so-panel widget widget_terms-and-conditions panel-first-child panel-last-child\" data-index=\"0\" ><div\n\t\t\t\n\t\t\tclass=\"so-widget-terms-and-conditions so-widget-terms-and-conditions-default-d75171398898-260\"\n\t\t\t\n\t\t><div class=\"widget widget-padding terms-and-conditions widget-terms-and-conditions\" id=\"terms-and-conditions-26010000\">\n    <div class=\"container\">\n        <div class=\"terms-and-conditions__wrapper\">\n            <div class=\"row\">\n                <div class=\"col-md-10 offset-md-1\">\n                                            <div class=\"terms-and-conditions__wrapper\">\n                            <div class=\"terms-and-conditions__heading\">\n                                                                <h2 class=\"terms-and-conditions__heading--title desktop-paragraph-big\">Legal disclaimer<\/h2>\n                            <\/div>\n                            <div class=\"terms-and-conditions__description\">\n                                <p><span style=\"font-weight: 400;\">The domain www.medialog.es belongs to\u00a0<\/span><b>Medialog Communications Sociedad Limitada<\/b><span style=\"font-weight: 400;\">.<\/span><\/p>\n<p><span style=\"font-weight: 400;\">In compliance with article 10 of Law 34\/2002, of July 11th, on Services of the Information Society and Electronic Commerce (LSSI), the responsible entity for this website is:<\/span><\/p>\n<p><b>Name of the domains and web page<\/b><span style=\"font-weight: 400;\">: www.medialog.es<br \/>\n<\/span><b>Company name<\/b><span style=\"font-weight: 400;\">: Medialog Communications Sociedad Limitada<br \/>\n<\/span><b>VAT<\/b><span style=\"font-weight: 400;\">: B55690879<br \/>\n<\/span><b>Registered Office Address<\/b><span style=\"font-weight: 400;\">: Gran Via de les Corts Catalanes 630, 4th floor, 08007 Barcelona<br \/>\n<\/span><b>Contact email<\/b><span style=\"font-weight: 400;\">: legal@medialog.es<br \/>\n<\/span><b>Phone number<\/b><span style=\"font-weight: 400;\">: +34 930 180 910 | +34 911 680 480<br \/>\n<\/span><b>File registration<\/b><span style=\"font-weight: 400;\">: registered with the Spanish Data Protection Agency, number 2170041933<br \/>\n<\/span><b>Public Registry of Commerce<\/b><span style=\"font-weight: 400;\">: company registered in the Business Register of Barcelona, volume 46892, page 161, inscription 3 with sheet B-534439<\/span><\/p>\n<p><span style=\"font-weight: 400;\">Our website is governed by the regulations exclusively applicable in Spain, being subject to it, both domestic and foreign users who access our website.<\/span><\/p>\n<p><span style=\"font-weight: 400;\">Access to our website by the user is free and is subject to the previous reading and acceptance, express and unreservedly of the present GENERAL CONDITIONS OF USE in force at the time of access, which we ask you to read carefully. The user at the time that uses our portal, its content or services, accepts and is expressly subject to the general conditions of use of the same. If the user does not agree with the present conditions of use, you must refrain yourself from using this portal and operating through it.<\/span><\/p>\n<p><span style=\"font-weight: 400;\">At any time, we can modify the presentation and configuration of our website, expand or reduce services, modify access and even delete it from the Internet, as well as services and content provided, all unilaterally and without prior notice.<\/span><\/p>\n<p><span style=\"font-weight: 400;\">En cualquier momento Medialog Communications Sociedad Limitada se reserva el derecho de modificar la presentaci\u00f3n y configuraci\u00f3n de nuestro sitio web, ampliar o reducir servicios, modificar el acceso e incluso suprimirla de la red, as\u00ed como los servicios y contenidos prestados, todo ello de forma unilateral y sin previo aviso.<\/span><\/p>\n\n                            <\/div>\n                        <\/div>\n                                            <div class=\"terms-and-conditions__wrapper\">\n                            <div class=\"terms-and-conditions__heading\">\n                                                                <h2 class=\"terms-and-conditions__heading--title desktop-paragraph-big\">A. Intellectual Property<\/h2>\n                            <\/div>\n                            <div class=\"terms-and-conditions__description\">\n                                <p><span style=\"font-weight: 400;\">All contents of the web page contained in this legal disclaimer, understood as contents, in an expository manner texts, images, graphics, icons, trademarks, technology, codes, links, trade names or distinctive signs and other audio-visual or sound content, as well as its graphic design and programs, are owned by Medialog Communications Sociedad Limitada or third parties to which its property rights have been acquired, and are protected by Intellectual and Industrial Property rights.<\/span><\/p>\n<p><span style=\"font-weight: 400;\">Reproduction, transformation, distribution, public communication, digitally put at disposal, extraction, reuse, forwarding or use of any nature by any means or procedure of any of the CONTENTS, except in cases where it is legally permitted or expressly authorized and in writing by the holder of the corresponding rights. Medialog Communications Sociedad Limitada reserves the right to use civil and \/ or criminal lawsuits against natural or legal persons and their representatives that violate any of the aforementioned industrial and intellectual property rights.<\/span><\/p>\n<p><span style=\"font-weight: 400;\">Medialog Communications Sociedad Limitada undertakes to comply with the above-mentioned conditions to guarantee the correct use of the content of the website, exercising any civil or criminal action necessary in case of infringement or breach of these rights by the user.<\/span><\/p>\n<p><span style=\"font-weight: 400;\">The user only has the right to a private use of the same, non-profit, and needs express authorization to modify, reproduce, exploit, distribute or exercise any right belonging to its owner.<\/span><\/p>\n\n                            <\/div>\n                        <\/div>\n                                            <div class=\"terms-and-conditions__wrapper\">\n                            <div class=\"terms-and-conditions__heading\">\n                                                                <h2 class=\"terms-and-conditions__heading--title desktop-paragraph-big\">B. Conditions of Access<\/h2>\n                            <\/div>\n                            <div class=\"terms-and-conditions__description\">\n                                <p><span style=\"font-weight: 400;\">Access to our website is free, it does not require prior subscription or registration and is made through the domain specified in this Legal Disclaimer.<\/span><\/p>\n<p><span style=\"font-weight: 400;\">The sending of personal data implies the express acceptance by the user of our <\/span><span style=\"font-weight: 400;\">Privacy policy.<\/span><\/p>\n<p><span style=\"font-weight: 400;\">The user must access our website in accordance with good faith, the rules of public order and these General Conditions of use. Access to our website is done under the sole responsibility of the user, who will be responsible for any damages that may be caused to third parties or ourselves.<\/span><\/p>\n<p><span style=\"font-weight: 400;\">Taking into account the impossibility of control with respect to the information, contents and services contained in other web pages that can be accessed through the links that our web can make available to you, we inform you that we are exempt from any responsibility for the loss and damages of any kind that could derive from the use of these web pages, not belonging to our company, by the user.<\/span><\/p>\n\n                            <\/div>\n                        <\/div>\n                                            <div class=\"terms-and-conditions__wrapper\">\n                            <div class=\"terms-and-conditions__heading\">\n                                                                <h2 class=\"terms-and-conditions__heading--title desktop-paragraph-big\">C. Responsibilities<\/h2>\n                            <\/div>\n                            <div class=\"terms-and-conditions__description\">\n                                <p><span style=\"font-weight: 400;\">By making available to the user our Web we want to offer you a quality service, using the utmost diligence in the provision of the same, as well as in the use of technologic facilities. However, we will not respond to the presence of viruses and other elements that may in any way damage user\u2019s computer system.<\/span><\/p>\n<p><span style=\"font-weight: 400;\">We do not guarantee that the availability of the service is continuous and uninterrupted.<\/span><\/p>\n<p><span style=\"font-weight: 400;\">The user is prohibited any action on our portal that causes an excessive overload of operation to our computer systems and hosting, as well as the introduction of viruses, or installation of robots, software or programming code that alters the normal operation of our website, or in short, may cause damage to our computer systems or to third parties.<\/span><\/p>\n<p><span style=\"font-weight: 400;\">The user assumes all responsibility for the use of our website.<\/span><\/p>\n<p><span style=\"font-weight: 400;\">The user acknowledges the understanding of all the information regarding the conditions of use of our website and recognizes that they are sufficient for the exclusion of the mistake in the same and, therefore, accepts them integrally and expressly.<\/span><\/p>\n\n                            <\/div>\n                        <\/div>\n                                            <div class=\"terms-and-conditions__wrapper\">\n                            <div class=\"terms-and-conditions__heading\">\n                                                                <h2 class=\"terms-and-conditions__heading--title desktop-paragraph-big\">D. Content<\/h2>\n                            <\/div>\n                            <div class=\"terms-and-conditions__description\">\n                                <p><span style=\"font-weight: 400;\">El sitio www.medialog.es puede proporcionar contenido para su uso y referencia. El contenido proporcionado por Medialog Communications Sociedad Limitada es solo para fines informativos y no debe ser interpretado como consejo profesional. El uso del contenido de <\/span><a href=\"http:\/\/www.medialog.es\/\"><span style=\"font-weight: 400;\">www.medialog.es<\/span><\/a><span style=\"font-weight: 400;\"> lo realiza el usuario bajo su propio riesgo.<\/span><\/p>\n\n                            <\/div>\n                        <\/div>\n                                            <div class=\"terms-and-conditions__wrapper\">\n                            <div class=\"terms-and-conditions__heading\">\n                                                                <h2 class=\"terms-and-conditions__heading--title desktop-paragraph-big\">E. Applicable Law and Jurisdiction<\/h2>\n                            <\/div>\n                            <div class=\"terms-and-conditions__description\">\n                                <p><span style=\"font-weight: 400;\">The relationships established between Medialog Communications Sociedad Limitada and the user will be governed by the provisions in the current legislation regarding the applicable legislation and the competent jurisdiction. The current Spanish legislation will be the only one applicable. For cases in which the law provides for the possibility for the parties to expressly submit to a court, Medialog Communications Sociedad Limitada and the user, expressly waiving any other jurisdiction that may correspond, are submitted to the courts and tribunals of the city of Barcelona (Spain).<\/span><\/p>\n\n                            <\/div>\n                        <\/div>\n                                    <\/div>\n            <\/div>\n        <\/div>\n    <\/div>\n\n    <div class=\"terms-orange-background\">\n            \n\n\t\t\t\t\n\t\t\n\t\n\t\t\t\n\t\t\t\t\t\t\t\t\t\n\t\t\t\t\t\t\t\t\t\n\t\t\t\t\t\n\t\t\t\t\t\t\t\n\t\t\t\t\t\t<picture class=\"\" width=\"2006\" height=\"2006\">\n\t\t\t\t\t\t\t\t\t\t\t\t<img loading=\"lazy\" decoding=\"async\" src=\"https:\/\/www.medialog.es\/wp-content\/uploads\/2023\/03\/orange-1.png\" alt=\"\" width=\"2006\" height=\"2006\">\n\t\t\t<\/picture>\n\t\t\t\t\t\t\t\t\n\t\t\t\t\t\n\n\t\t\n\t\n    <\/div>\n    <div class=\"terms-blue-background\">\n            \n\n\t\t\t\t\n\t\t\n\t\n\t\t\t\n\t\t\t\t\t\t\t\t\t\n\t\t\t\t\t\t\t\t\t\n\t\t\t\t\t\n\t\t\t\t\t\t\t\n\t\t\t\t\t\t<picture class=\"\" width=\"2006\" height=\"2006\">\n\t\t\t\t\t\t\t\t\t\t\t\t<img loading=\"lazy\" decoding=\"async\" src=\"https:\/\/www.medialog.es\/wp-content\/uploads\/2023\/02\/BLUE-1.png\" alt=\"\" width=\"2006\" height=\"2006\">\n\t\t\t<\/picture>\n\t\t\t\t\t\t\t\t\n\t\t\t\t\t\n\n\t\t\n\t\n    <\/div>\n    <\/div>\n<\/div><\/div><\/div><\/div><\/div>","protected":false},"excerpt":{"rendered":"<p>Legal disclaimer The domain www.medialog.es belongs to\u00a0Medialog Communications Sociedad Limitada. In compliance with article 10 of Law 34\/2002, of July 11th, on Services of the Information Society and Electronic Commerce (LSSI), the responsible entity for this website is: Name of the domains and web page: www.medialog.es Company name: Medialog Communications Sociedad Limitada VAT: B55690879 Registered [&hellip;]<\/p>\n","protected":false},"author":1,"featured_media":0,"parent":0,"menu_order":0,"comment_status":"closed","ping_status":"closed","template":"","meta":{"_acf_changed":false,"content-type":"","inline_featured_image":false,"footnotes":""},"class_list":["post-260","page","type-page","status-publish","hentry"],"acf":[],"yoast_head":"<!-- This site is optimized with the Yoast SEO plugin v27.4 - https:\/\/yoast.com\/product\/yoast-seo-wordpress\/ -->\n<title>Legal Disclaimer - medialog<\/title>\n<meta name=\"description\" content=\"Legal information about medialog communications media agency in Madrid and Barcelona\" \/>\n<meta name=\"robots\" content=\"index, follow, max-snippet:-1, max-image-preview:large, max-video-preview:-1\" \/>\n<link rel=\"canonical\" href=\"https:\/\/www.medialog.es\/en\/legal-disclaimer\/\" \/>\n<meta property=\"og:locale\" content=\"en_US\" \/>\n<meta property=\"og:type\" content=\"article\" \/>\n<meta property=\"og:title\" content=\"Legal Disclaimer - medialog\" \/>\n<meta property=\"og:description\" content=\"Legal information about medialog communications media agency in Madrid and Barcelona\" \/>\n<meta property=\"og:url\" content=\"https:\/\/www.medialog.es\/en\/legal-disclaimer\/\" \/>\n<meta property=\"og:site_name\" content=\"medialog\" \/>\n<meta property=\"article:modified_time\" content=\"2025-11-11T15:28:59+00:00\" \/>\n<meta name=\"twitter:card\" content=\"summary_large_image\" \/>\n<meta name=\"twitter:label1\" content=\"Est. reading time\" \/>\n\t<meta name=\"twitter:data1\" content=\"5 minutes\" \/>\n<script type=\"application\/ld+json\" class=\"yoast-schema-graph\">{\"@context\":\"https:\\\/\\\/schema.org\",\"@graph\":[{\"@type\":\"WebPage\",\"@id\":\"https:\\\/\\\/www.medialog.es\\\/en\\\/legal-disclaimer\\\/\",\"url\":\"https:\\\/\\\/www.medialog.es\\\/en\\\/legal-disclaimer\\\/\",\"name\":\"Legal Disclaimer - medialog\",\"isPartOf\":{\"@id\":\"https:\\\/\\\/www.medialog.es\\\/en\\\/#website\"},\"datePublished\":\"2023-03-14T02:07:03+00:00\",\"dateModified\":\"2025-11-11T15:28:59+00:00\",\"description\":\"Legal information about medialog communications media agency in Madrid and Barcelona\",\"breadcrumb\":{\"@id\":\"https:\\\/\\\/www.medialog.es\\\/en\\\/legal-disclaimer\\\/#breadcrumb\"},\"inLanguage\":\"en-US\",\"potentialAction\":[{\"@type\":\"ReadAction\",\"target\":[\"https:\\\/\\\/www.medialog.es\\\/en\\\/legal-disclaimer\\\/\"]}]},{\"@type\":\"BreadcrumbList\",\"@id\":\"https:\\\/\\\/www.medialog.es\\\/en\\\/legal-disclaimer\\\/#breadcrumb\",\"itemListElement\":[{\"@type\":\"ListItem\",\"position\":1,\"name\":\"Home\",\"item\":\"https:\\\/\\\/www.medialog.es\\\/en\\\/\"},{\"@type\":\"ListItem\",\"position\":2,\"name\":\"Legal Disclaimer\"}]},{\"@type\":\"WebSite\",\"@id\":\"https:\\\/\\\/www.medialog.es\\\/en\\\/#website\",\"url\":\"https:\\\/\\\/www.medialog.es\\\/en\\\/\",\"name\":\"medialog\",\"description\":\"\",\"potentialAction\":[{\"@type\":\"SearchAction\",\"target\":{\"@type\":\"EntryPoint\",\"urlTemplate\":\"https:\\\/\\\/www.medialog.es\\\/en\\\/?s={search_term_string}\"},\"query-input\":{\"@type\":\"PropertyValueSpecification\",\"valueRequired\":true,\"valueName\":\"search_term_string\"}}],\"inLanguage\":\"en-US\"}]}<\/script>\n<!-- \/ Yoast SEO plugin. -->","yoast_head_json":{"title":"Legal Disclaimer - medialog","description":"Legal information about medialog communications media agency in Madrid and Barcelona","robots":{"index":"index","follow":"follow","max-snippet":"max-snippet:-1","max-image-preview":"max-image-preview:large","max-video-preview":"max-video-preview:-1"},"canonical":"https:\/\/www.medialog.es\/en\/legal-disclaimer\/","og_locale":"en_US","og_type":"article","og_title":"Legal Disclaimer - medialog","og_description":"Legal information about medialog communications media agency in Madrid and Barcelona","og_url":"https:\/\/www.medialog.es\/en\/legal-disclaimer\/","og_site_name":"medialog","article_modified_time":"2025-11-11T15:28:59+00:00","twitter_card":"summary_large_image","twitter_misc":{"Est. reading time":"5 minutes"},"schema":{"@context":"https:\/\/schema.org","@graph":[{"@type":"WebPage","@id":"https:\/\/www.medialog.es\/en\/legal-disclaimer\/","url":"https:\/\/www.medialog.es\/en\/legal-disclaimer\/","name":"Legal Disclaimer - medialog","isPartOf":{"@id":"https:\/\/www.medialog.es\/en\/#website"},"datePublished":"2023-03-14T02:07:03+00:00","dateModified":"2025-11-11T15:28:59+00:00","description":"Legal information about medialog communications media agency in Madrid and Barcelona","breadcrumb":{"@id":"https:\/\/www.medialog.es\/en\/legal-disclaimer\/#breadcrumb"},"inLanguage":"en-US","potentialAction":[{"@type":"ReadAction","target":["https:\/\/www.medialog.es\/en\/legal-disclaimer\/"]}]},{"@type":"BreadcrumbList","@id":"https:\/\/www.medialog.es\/en\/legal-disclaimer\/#breadcrumb","itemListElement":[{"@type":"ListItem","position":1,"name":"Home","item":"https:\/\/www.medialog.es\/en\/"},{"@type":"ListItem","position":2,"name":"Legal Disclaimer"}]},{"@type":"WebSite","@id":"https:\/\/www.medialog.es\/en\/#website","url":"https:\/\/www.medialog.es\/en\/","name":"medialog","description":"","potentialAction":[{"@type":"SearchAction","target":{"@type":"EntryPoint","urlTemplate":"https:\/\/www.medialog.es\/en\/?s={search_term_string}"},"query-input":{"@type":"PropertyValueSpecification","valueRequired":true,"valueName":"search_term_string"}}],"inLanguage":"en-US"}]}},"_links":{"self":[{"href":"https:\/\/www.medialog.es\/en\/wp-json\/wp\/v2\/pages\/260","targetHints":{"allow":["GET"]}}],"collection":[{"href":"https:\/\/www.medialog.es\/en\/wp-json\/wp\/v2\/pages"}],"about":[{"href":"https:\/\/www.medialog.es\/en\/wp-json\/wp\/v2\/types\/page"}],"author":[{"embeddable":true,"href":"https:\/\/www.medialog.es\/en\/wp-json\/wp\/v2\/users\/1"}],"replies":[{"embeddable":true,"href":"https:\/\/www.medialog.es\/en\/wp-json\/wp\/v2\/comments?post=260"}],"version-history":[{"count":14,"href":"https:\/\/www.medialog.es\/en\/wp-json\/wp\/v2\/pages\/260\/revisions"}],"predecessor-version":[{"id":2004,"href":"https:\/\/www.medialog.es\/en\/wp-json\/wp\/v2\/pages\/260\/revisions\/2004"}],"wp:attachment":[{"href":"https:\/\/www.medialog.es\/en\/wp-json\/wp\/v2\/media?parent=260"}],"curies":[{"name":"wp","href":"https:\/\/api.w.org\/{rel}","templated":true}]}}